{"id":1576,"date":"2012-11-25T23:12:49","date_gmt":"2012-11-25T22:12:49","guid":{"rendered":"http:\/\/svarthaletracing.se\/?page_id=1576"},"modified":"2012-11-25T23:12:49","modified_gmt":"2012-11-25T22:12:49","slug":"lars-erik","status":"publish","type":"page","link":"https:\/\/svarthaletracing.se\/?page_id=1576","title":{"rendered":"Lars-Erik"},"content":{"rendered":"<p><img loading=\"lazy\" decoding=\"async\" class=\"alignleft size-thumbnail wp-image-1578\" title=\"L-E\" src=\"http:\/\/svarthaletracing.se\/wp-content\/uploads\/2012\/11\/larserik-150x150.jpg\" alt=\"\" width=\"150\" height=\"150\" \/><\/p>\n<p>D\u00e5 Lars-Erik \u00e4r alldeles f\u00f6r \u00f6dmjuk och blygsam f\u00f6r att skryta om sig sj\u00e4lv s\u00e5 f\u00e5r jag (Linus) ta tillf\u00e4llet i akt. Det \u00e4r faktiskt L-E som en g\u00e5ng satte fart p\u00e5 allt det vettiga som numer utf\u00f6rs i v\u00e5rt lilla g\u00e4ng.<\/p>\n<p>Antagligen den ende hemma i Svarth\u00e5lsbyn som har en CNC-fr\u00e4s och en CNC-svarv i k\u00e4llaren. \u00c4r det n\u00e5gon mening att n\u00e4mna han arbetar som CNC-operat\u00f6r? Ut\u00f6ver underverk med maskiner som &#8221;g\u00f6r allt automatiskt&#8221; s\u00e5 \u00e4r han en riktigt bra hantverkare, och elektronikn\u00f6rd ut i fingerspetsarna s\u00e5 vi kompletterar varandra bra.<\/p>\n<p>Dessutom verkar han fullkomligt oberoende av b\u00e5de mat och s\u00f6mn &#8211; vilket kan visa sig vara av mycket stor nytta de sista dygnen innan Speed Weekend varje \u00e5r (undertecknad har n\u00e4stan svimmat av tr\u00f6tthet n\u00e5gon g\u00e5ng medan L-E glatt fortsatt jobba).<\/p>\n","protected":false},"excerpt":{"rendered":"<p>D\u00e5 Lars-Erik \u00e4r alldeles f\u00f6r \u00f6dmjuk och blygsam f\u00f6r att skryta om sig sj\u00e4lv s\u00e5 f\u00e5r jag (Linus) ta tillf\u00e4llet i akt. Det \u00e4r faktiskt L-E som en g\u00e5ng satte fart p\u00e5 allt det vettiga som numer utf\u00f6rs i v\u00e5rt &hellip; <a href=\"https:\/\/svarthaletracing.se\/?page_id=1576\">Forts\u00e4tt l\u00e4sa <span class=\"meta-nav\">&rarr;<\/span><\/a><\/p>\n","protected":false},"author":2,"featured_media":0,"parent":2,"menu_order":0,"comment_status":"open","ping_status":"open","template":"","meta":{"footnotes":""},"class_list":["post-1576","page","type-page","status-publish","hentry"],"_links":{"self":[{"href":"https:\/\/svarthaletracing.se\/index.php?rest_route=\/wp\/v2\/pages\/1576","targetHints":{"allow":["GET"]}}],"collection":[{"href":"https:\/\/svarthaletracing.se\/index.php?rest_route=\/wp\/v2\/pages"}],"about":[{"href":"https:\/\/svarthaletracing.se\/index.php?rest_route=\/wp\/v2\/types\/page"}],"author":[{"embeddable":true,"href":"https:\/\/svarthaletracing.se\/index.php?rest_route=\/wp\/v2\/users\/2"}],"replies":[{"embeddable":true,"href":"https:\/\/svarthaletracing.se\/index.php?rest_route=%2Fwp%2Fv2%2Fcomments&post=1576"}],"version-history":[{"count":2,"href":"https:\/\/svarthaletracing.se\/index.php?rest_route=\/wp\/v2\/pages\/1576\/revisions"}],"predecessor-version":[{"id":1579,"href":"https:\/\/svarthaletracing.se\/index.php?rest_route=\/wp\/v2\/pages\/1576\/revisions\/1579"}],"up":[{"embeddable":true,"href":"https:\/\/svarthaletracing.se\/index.php?rest_route=\/wp\/v2\/pages\/2"}],"wp:attachment":[{"href":"https:\/\/svarthaletracing.se\/index.php?rest_route=%2Fwp%2Fv2%2Fmedia&parent=1576"}],"curies":[{"name":"wp","href":"https:\/\/api.w.org\/{rel}","templated":true}]}}