{"id":1797,"date":"2013-02-04T20:17:45","date_gmt":"2013-02-04T19:17:45","guid":{"rendered":"http:\/\/svarthaletracing.se\/?page_id=1797"},"modified":"2013-02-05T22:15:14","modified_gmt":"2013-02-05T21:15:14","slug":"vara-fordon","status":"publish","type":"page","link":"https:\/\/svarthaletracing.se\/?page_id=1797","title":{"rendered":"V\u00e5ra fordon"},"content":{"rendered":"<p><a href=\"http:\/\/svarthaletracing.se\/wp-content\/uploads\/2013\/02\/R0015217.jpg\"><img loading=\"lazy\" decoding=\"async\" class=\"alignleft size-thumbnail wp-image-1800\" title=\"PulsjetPlusFolk\" src=\"http:\/\/svarthaletracing.se\/wp-content\/uploads\/2013\/02\/R0015217-150x150.jpg\" alt=\"\" width=\"150\" height=\"150\" \/><\/a>Alla inl\u00e4gg vi g\u00f6r p\u00e5 v\u00e5r hemsida publiceras i kronologisk ordning, med det senaste \u00f6verst. Genom att klicka p\u00e5 de olika kategorierna kan man v\u00e4lja att f\u00e5 se inl\u00e4gg som bara handlar om vissa saker\/\u00e4mnen.<\/p>\n<p>Dock har en liten f\u00e5gel viskat i v\u00e5ra \u00f6ron att det finns de som tycker det \u00e4r besv\u00e4rande att beh\u00f6va g\u00e5 igenom hundratals inl\u00e4gg f\u00f6r att hitta lite grundl\u00e4ggande fakta om v\u00e5ra fordon\/projekt. D\u00e4rf\u00f6r t\u00e4nkte vi h\u00e4r l\u00e4gga in n\u00e5gra sm\u00e5 sammanfattningar om respektive fordon\/projekt.<\/p>\n<p><strong><a href=\"http:\/\/svarthaletracing.se\/?page_id=1807\">Jetskotern<\/a><\/strong><\/p>\n","protected":false},"excerpt":{"rendered":"<p>Alla inl\u00e4gg vi g\u00f6r p\u00e5 v\u00e5r hemsida publiceras i kronologisk ordning, med det senaste \u00f6verst. Genom att klicka p\u00e5 de olika kategorierna kan man v\u00e4lja att f\u00e5 se inl\u00e4gg som bara handlar om vissa saker\/\u00e4mnen. Dock har en liten f\u00e5gel &hellip; <a href=\"https:\/\/svarthaletracing.se\/?page_id=1797\">Forts\u00e4tt l\u00e4sa <span class=\"meta-nav\">&rarr;<\/span><\/a><\/p>\n","protected":false},"author":2,"featured_media":0,"parent":0,"menu_order":0,"comment_status":"open","ping_status":"open","template":"","meta":{"footnotes":""},"class_list":["post-1797","page","type-page","status-publish","hentry"],"_links":{"self":[{"href":"https:\/\/svarthaletracing.se\/index.php?rest_route=\/wp\/v2\/pages\/1797","targetHints":{"allow":["GET"]}}],"collection":[{"href":"https:\/\/svarthaletracing.se\/index.php?rest_route=\/wp\/v2\/pages"}],"about":[{"href":"https:\/\/svarthaletracing.se\/index.php?rest_route=\/wp\/v2\/types\/page"}],"author":[{"embeddable":true,"href":"https:\/\/svarthaletracing.se\/index.php?rest_route=\/wp\/v2\/users\/2"}],"replies":[{"embeddable":true,"href":"https:\/\/svarthaletracing.se\/index.php?rest_route=%2Fwp%2Fv2%2Fcomments&post=1797"}],"version-history":[{"count":7,"href":"https:\/\/svarthaletracing.se\/index.php?rest_route=\/wp\/v2\/pages\/1797\/revisions"}],"predecessor-version":[{"id":1815,"href":"https:\/\/svarthaletracing.se\/index.php?rest_route=\/wp\/v2\/pages\/1797\/revisions\/1815"}],"wp:attachment":[{"href":"https:\/\/svarthaletracing.se\/index.php?rest_route=%2Fwp%2Fv2%2Fmedia&parent=1797"}],"curies":[{"name":"wp","href":"https:\/\/api.w.org\/{rel}","templated":true}]}}