{"id":1807,"date":"2013-02-04T23:18:56","date_gmt":"2013-02-04T22:18:56","guid":{"rendered":"http:\/\/svarthaletracing.se\/?page_id=1807"},"modified":"2015-03-08T18:58:14","modified_gmt":"2015-03-08T17:58:14","slug":"jetskotern","status":"publish","type":"page","link":"https:\/\/svarthaletracing.se\/?page_id=1807","title":{"rendered":"Jetskotern"},"content":{"rendered":"<p>Vad var n\u00e4sta steg efter pulsjetsparken? Jo en st\u00f6rre pulsjet p\u00e5 ett st\u00f6rre fordon! Tanken var att montera en pulsjetmotor p\u00e5 mammas Yamaha, men d\u00e5 motorn visade sig bli p\u00e5 tok f\u00f6r stor f\u00f6r detta s\u00e5 blev det till att bygga ett helt nytt chassi.<\/p>\n<p>Jag tror att vi alla \u00e4r \u00f6verens om att det h\u00e4r projektet blev lite st\u00f6rre \u00e4n vad vi anat! Faktum \u00e4r att den ende vi k\u00e4nner till som byggt s\u00e5 h\u00e4r stora motorer och f\u00e5tt dem att fungera bra \u00e4r amerikanen Robert Maddox. Han bygger dem dessutom p\u00e5 l\u00f6pande band. Kolla in hans hemsida: <a href=\"http:\/\/maddoxjets.com\" target=\"_blank\">maddoxjets.com<\/a>.<\/p>\n<p>Alla inl\u00e4gg om jetskotern finns att l\u00e4sa i omv\u00e4nd kronologisk ordning <a href=\"http:\/\/svarthaletracing.se\/?cat=4\">h\u00e4r<\/a>.<\/p>\n<p>H\u00e4r nedan finns lite snabba fakta:<\/p>\n<h2><strong>Motor<\/strong><\/h2>\n<p>Typ: Pulsjet med ventiler<br \/>\nMaterial: F\u00f6rbr\u00e4nningsutrymme i 2mm rostfritt st\u00e5l. Resten i rostfritt st\u00e5l och aluminium.<\/p>\n<h4><strong>Br\u00e4nslesystem<\/strong><\/h4>\n<p>Pumpar: Elektriska f\u00f6r insprutning. 6 st.<br \/>\nSpridare: Oljebr\u00e4nnarmunstycken. 12 st.<br \/>\nReglering: K\u00f6rning av 4 eller 6 pumpar samt fintrimning genom att \u00f6ppna\/st\u00e4nga bypassledning.<br \/>\nFl\u00f6de: Runt 12 l\/min.<\/p>\n<div id=\"attachment_1005\" style=\"width: 458px\" class=\"wp-caption alignnone\"><a href=\"http:\/\/svarthaletracing.se\/wp-content\/uploads\/2012\/02\/DSCN5631.jpg\"><img loading=\"lazy\" decoding=\"async\" aria-describedby=\"caption-attachment-1005\" class=\" wp-image-1005\" title=\"PumparP\u00e5Plats\" src=\"http:\/\/svarthaletracing.se\/wp-content\/uploads\/2012\/02\/DSCN5631-640x480.jpg\" alt=\"\" width=\"448\" height=\"336\" srcset=\"https:\/\/svarthaletracing.se\/wp-content\/uploads\/2012\/02\/DSCN5631-640x480.jpg 640w, https:\/\/svarthaletracing.se\/wp-content\/uploads\/2012\/02\/DSCN5631.jpg 980w\" sizes=\"auto, (max-width: 448px) 100vw, 448px\" \/><\/a><p id=\"caption-attachment-1005\" class=\"wp-caption-text\">En av br\u00e4nsletankarna och tre pumpar<\/p><\/div>\n<p><strong>T\u00e4ndning<\/strong><\/p>\n<p>Vanligt st\u00e4ndstift och t\u00e4ndspole. Hemmabyggd drivenhet.<\/p>\n<div id=\"attachment_1482\" style=\"width: 330px\" class=\"wp-caption alignnone\"><a href=\"http:\/\/svarthaletracing.se\/wp-content\/uploads\/2012\/08\/image-8.jpg\"><img loading=\"lazy\" decoding=\"async\" aria-describedby=\"caption-attachment-1482\" class=\" wp-image-1482\" title=\"T\u00e4ndmodul 1\" src=\"http:\/\/svarthaletracing.se\/wp-content\/uploads\/2012\/08\/image-8-640x378.jpg\" alt=\"\" width=\"320\" height=\"192\" \/><\/a><p id=\"caption-attachment-1482\" class=\"wp-caption-text\">T\u00e4ndenhet<\/p><\/div>\n<p><a href=\"http:\/\/svarthaletracing.se\/wp-content\/uploads\/2013\/02\/R0013669_cr.jpg\"><img loading=\"lazy\" decoding=\"async\" class=\"alignnone  wp-image-1812\" title=\"Exif_JPEG_PICTURE\" src=\"http:\/\/svarthaletracing.se\/wp-content\/uploads\/2013\/02\/R0013669_cr-452x480.jpg\" alt=\"\" width=\"316\" height=\"336\" srcset=\"https:\/\/svarthaletracing.se\/wp-content\/uploads\/2013\/02\/R0013669_cr-452x480.jpg 452w, https:\/\/svarthaletracing.se\/wp-content\/uploads\/2013\/02\/R0013669_cr-965x1024.jpg 965w, https:\/\/svarthaletracing.se\/wp-content\/uploads\/2013\/02\/R0013669_cr.jpg 2041w\" sizes=\"auto, (max-width: 316px) 100vw, 316px\" \/><\/a><\/p>\n<p><strong>Ventilpaket<\/strong><\/p>\n<p>Ventiler: 180 st i rostfritt fj\u00e4derst\u00e5l. Klippta, tr\u00e5dgnistade, bockade och v\u00e4rmebehandlade.<br \/>\nVentilblock: CNC-fr\u00e4st aluminium. Monteras med h\u00e4rdade styrpinnar (CPK) och g\u00e4ngst\u00e5ng.<br \/>\nPackningar: Laserskurna<\/p>\n<p><a href=\"http:\/\/svarthaletracing.se\/wp-content\/uploads\/2012\/02\/R0015078.jpg\"><img loading=\"lazy\" decoding=\"async\" class=\"alignnone  wp-image-1106\" title=\"VentilpaketEfterK\u00f6rning\" src=\"http:\/\/svarthaletracing.se\/wp-content\/uploads\/2012\/02\/R0015078-640x480.jpg\" alt=\"Ventilpaket efter ett antal k\u00f6rningar\" width=\"384\" height=\"288\" srcset=\"https:\/\/svarthaletracing.se\/wp-content\/uploads\/2012\/02\/R0015078-640x480.jpg 640w, https:\/\/svarthaletracing.se\/wp-content\/uploads\/2012\/02\/R0015078-1024x768.jpg 1024w\" sizes=\"auto, (max-width: 384px) 100vw, 384px\" \/><\/a><\/p>\n<h2>Chassi<\/h2>\n<p>Chassi: Hemmabyggt r\u00f6rchassi. V\u00e4rmesk\u00f6ldar av aluminium.<br \/>\nMedar: Skidor samt styrspindlar fram fr\u00e5n sn\u00f6skoter.\u00a0En med bak.<br \/>\nStyrning: Styrhuvud samt styre fr\u00e5n motorcross. Hemmabyggt justerbart styrl\u00e4nkage.<\/p>\n<p><a href=\"http:\/\/svarthaletracing.se\/wp-content\/uploads\/2011\/03\/Chassiejigg.jpg\"><img loading=\"lazy\" decoding=\"async\" class=\"alignnone size-medium wp-image-689\" title=\"Chassie\" src=\"http:\/\/svarthaletracing.se\/wp-content\/uploads\/2011\/03\/Chassiejigg-300x200.jpg\" alt=\"\" width=\"300\" height=\"200\" srcset=\"https:\/\/svarthaletracing.se\/wp-content\/uploads\/2011\/03\/Chassiejigg-300x200.jpg 300w, https:\/\/svarthaletracing.se\/wp-content\/uploads\/2011\/03\/Chassiejigg.jpg 912w\" sizes=\"auto, (max-width: 300px) 100vw, 300px\" \/><\/a><a href=\"http:\/\/svarthaletracing.se\/wp-content\/uploads\/2012\/03\/R0015115.jpg\"><img loading=\"lazy\" decoding=\"async\" class=\"wp-image-1167 alignright\" title=\"StyrningP\u00e5Plats\" src=\"http:\/\/svarthaletracing.se\/wp-content\/uploads\/2012\/03\/R0015115-640x480.jpg\" alt=\"\" width=\"256\" height=\"192\" srcset=\"https:\/\/svarthaletracing.se\/wp-content\/uploads\/2012\/03\/R0015115-640x480.jpg 640w, https:\/\/svarthaletracing.se\/wp-content\/uploads\/2012\/03\/R0015115.jpg 980w\" sizes=\"auto, (max-width: 256px) 100vw, 256px\" \/><\/a><\/p>\n<h2>\u00d6vrigt<\/h2>\n<p>Hastighetsm\u00e4tare: Analog och digital visning. Hastighet &#8221;m\u00e4ts&#8221; via GPS.<br \/>\nLoggning: Loggning av hastighet, batterisp\u00e4nning och andra parametrar till SD-kort f\u00f6r analys i dator.<br \/>\nS\u00e4kerhet: N\u00f6dstoppknapp, n\u00f6dstoppwire. Aluminiumsk\u00f6ldar som reflekterar bort str\u00e5lningsv\u00e4rme, isolering under s\u00e4te.<\/p>\n<h2>Prestanda<\/h2>\n<p>Dragkraft: Cirka 1700 N (~170 kg) i dagsl\u00e4get (Jan 2013).<br \/>\nTopphastighet: 183.5 km\/h p\u00e5 flygande kilometern under Speed Weekend 2015.<\/p>\n","protected":false},"excerpt":{"rendered":"<p>Vad var n\u00e4sta steg efter pulsjetsparken? Jo en st\u00f6rre pulsjet p\u00e5 ett st\u00f6rre fordon! Tanken var att montera en pulsjetmotor p\u00e5 mammas Yamaha, men d\u00e5 motorn visade sig bli p\u00e5 tok f\u00f6r stor f\u00f6r detta s\u00e5 blev det till att &hellip; <a href=\"https:\/\/svarthaletracing.se\/?page_id=1807\">Forts\u00e4tt l\u00e4sa <span class=\"meta-nav\">&rarr;<\/span><\/a><\/p>\n","protected":false},"author":2,"featured_media":0,"parent":1797,"menu_order":0,"comment_status":"open","ping_status":"open","template":"","meta":{"footnotes":""},"class_list":["post-1807","page","type-page","status-publish","hentry"],"_links":{"self":[{"href":"https:\/\/svarthaletracing.se\/index.php?rest_route=\/wp\/v2\/pages\/1807","targetHints":{"allow":["GET"]}}],"collection":[{"href":"https:\/\/svarthaletracing.se\/index.php?rest_route=\/wp\/v2\/pages"}],"about":[{"href":"https:\/\/svarthaletracing.se\/index.php?rest_route=\/wp\/v2\/types\/page"}],"author":[{"embeddable":true,"href":"https:\/\/svarthaletracing.se\/index.php?rest_route=\/wp\/v2\/users\/2"}],"replies":[{"embeddable":true,"href":"https:\/\/svarthaletracing.se\/index.php?rest_route=%2Fwp%2Fv2%2Fcomments&post=1807"}],"version-history":[{"count":14,"href":"https:\/\/svarthaletracing.se\/index.php?rest_route=\/wp\/v2\/pages\/1807\/revisions"}],"predecessor-version":[{"id":3042,"href":"https:\/\/svarthaletracing.se\/index.php?rest_route=\/wp\/v2\/pages\/1807\/revisions\/3042"}],"up":[{"embeddable":true,"href":"https:\/\/svarthaletracing.se\/index.php?rest_route=\/wp\/v2\/pages\/1797"}],"wp:attachment":[{"href":"https:\/\/svarthaletracing.se\/index.php?rest_route=%2Fwp%2Fv2%2Fmedia&parent=1807"}],"curies":[{"name":"wp","href":"https:\/\/api.w.org\/{rel}","templated":true}]}}