{"id":62,"date":"2010-12-30T13:39:48","date_gmt":"2010-12-30T12:39:48","guid":{"rendered":"http:\/\/svarthaletracing.se\/?page_id=62"},"modified":"2015-12-10T00:47:35","modified_gmt":"2015-12-09T23:47:35","slug":"linusn","status":"publish","type":"page","link":"https:\/\/svarthaletracing.se\/?page_id=62","title":{"rendered":"LinusN"},"content":{"rendered":"<h3>Linus om Linus<\/h3>\n<p><a href=\"http:\/\/svarthaletracing.se\/wp-content\/uploads\/2010\/12\/n1075645130_15437_3534.jpg\"><img loading=\"lazy\" decoding=\"async\" class=\"alignright size-full wp-image-66\" title=\"Linus\" src=\"http:\/\/svarthaletracing.se\/wp-content\/uploads\/2010\/12\/n1075645130_15437_3534.jpg\" alt=\"\" width=\"221\" height=\"268\" \/><\/a><em>Vill f\u00f6r mycket, hinner f\u00f6r lite. <\/em><\/p>\n<p>Ambiti\u00f6s elektronikn\u00f6rd i sina b\u00e4sta \u00e5r (n\u00e5ja). Jobbar till vardags med automationsteknik, programmering och allm\u00e4n probleml\u00f6sning p\u00e5 Nord-Lock AB i den lilla hembyn Halabacken. Driver eget i liten skala inom ungef\u00e4r samma omr\u00e5den. Besitter \u00e4ven viss erfarenhet som CNC-operat\u00f6r (flerop och tr\u00e5dgnist).<\/p>\n","protected":false},"excerpt":{"rendered":"<p>Linus om Linus Vill f\u00f6r mycket, hinner f\u00f6r lite. Ambiti\u00f6s elektronikn\u00f6rd i sina b\u00e4sta \u00e5r (n\u00e5ja). Jobbar till vardags med automationsteknik, programmering och allm\u00e4n probleml\u00f6sning p\u00e5 Nord-Lock AB i den lilla hembyn Halabacken. Driver eget i liten skala inom ungef\u00e4r &hellip; <a href=\"https:\/\/svarthaletracing.se\/?page_id=62\">Forts\u00e4tt l\u00e4sa <span class=\"meta-nav\">&rarr;<\/span><\/a><\/p>\n","protected":false},"author":2,"featured_media":0,"parent":2,"menu_order":0,"comment_status":"open","ping_status":"open","template":"","meta":{"footnotes":""},"class_list":["post-62","page","type-page","status-publish","hentry"],"_links":{"self":[{"href":"https:\/\/svarthaletracing.se\/index.php?rest_route=\/wp\/v2\/pages\/62","targetHints":{"allow":["GET"]}}],"collection":[{"href":"https:\/\/svarthaletracing.se\/index.php?rest_route=\/wp\/v2\/pages"}],"about":[{"href":"https:\/\/svarthaletracing.se\/index.php?rest_route=\/wp\/v2\/types\/page"}],"author":[{"embeddable":true,"href":"https:\/\/svarthaletracing.se\/index.php?rest_route=\/wp\/v2\/users\/2"}],"replies":[{"embeddable":true,"href":"https:\/\/svarthaletracing.se\/index.php?rest_route=%2Fwp%2Fv2%2Fcomments&post=62"}],"version-history":[{"count":6,"href":"https:\/\/svarthaletracing.se\/index.php?rest_route=\/wp\/v2\/pages\/62\/revisions"}],"predecessor-version":[{"id":3314,"href":"https:\/\/svarthaletracing.se\/index.php?rest_route=\/wp\/v2\/pages\/62\/revisions\/3314"}],"up":[{"embeddable":true,"href":"https:\/\/svarthaletracing.se\/index.php?rest_route=\/wp\/v2\/pages\/2"}],"wp:attachment":[{"href":"https:\/\/svarthaletracing.se\/index.php?rest_route=%2Fwp%2Fv2%2Fmedia&parent=62"}],"curies":[{"name":"wp","href":"https:\/\/api.w.org\/{rel}","templated":true}]}}